{"id":13665,"date":"2023-05-15T15:38:02","date_gmt":"2023-05-15T15:38:02","guid":{"rendered":"https:\/\/web-dms.x-tra.it\/?page_id=13665"},"modified":"2023-05-31T10:44:10","modified_gmt":"2023-05-31T10:44:10","slug":"cookie-policy","status":"publish","type":"page","link":"https:\/\/web-dms.x-tra.it\/fr\/cookie-policy\/","title":{"rendered":"Politique de cookies"},"content":{"rendered":"<div data-elementor-type=\"wp-page\" data-elementor-id=\"13665\" class=\"elementor elementor-13665\">\n\t\t\t\t\t\t\t\t\t<section class=\"elementor-section elementor-top-section elementor-element elementor-element-53e81960 elementor-section-boxed elementor-section-height-default elementor-section-height-default qodef-elementor-content-no\" data-id=\"53e81960\" data-element_type=\"section\">\n\t\t\t\t\t\t<div class=\"elementor-container elementor-column-gap-default\">\n\t\t\t\t\t<div class=\"elementor-column elementor-col-100 elementor-top-column elementor-element elementor-element-28ec62c9\" data-id=\"28ec62c9\" data-element_type=\"column\">\n\t\t\t<div class=\"elementor-widget-wrap elementor-element-populated\">\n\t\t\t\t\t\t\t\t<div class=\"elementor-element elementor-element-77348555 elementor-widget elementor-widget-text-editor\" data-id=\"77348555\" data-element_type=\"widget\" data-widget_type=\"text-editor.default\">\n\t\t\t\t<div class=\"elementor-widget-container\">\n\t\t\t<style>\/*! elementor - v3.12.1 - 02-04-2023 *\/\n.elementor-widget-text-editor.elementor-drop-cap-view-stacked .elementor-drop-cap{background-color:#69727d;color:#fff}.elementor-widget-text-editor.elementor-drop-cap-view-framed .elementor-drop-cap{color:#69727d;border:3px solid;background-color:transparent}.elementor-widget-text-editor:not(.elementor-drop-cap-view-default) .elementor-drop-cap{margin-top:8px}.elementor-widget-text-editor:not(.elementor-drop-cap-view-default) .elementor-drop-cap-letter{width:1em;height:1em}.elementor-widget-text-editor .elementor-drop-cap{float:left;text-align:center;line-height:1;font-size:50px}.elementor-widget-text-editor .elementor-drop-cap-letter{display:inline-block}<\/style>\t\t\t\t<!-- wp:heading -->\n<h1 class=\"wp-block-heading\">POLITIQUE DE COOKIES<\/h1>\n<!-- \/wp:heading --><!-- wp:paragraph -->\n<p><br \/>Comme c'est le cas pour toutes les plateformes, D.M. SEMILAVORATI srl enregistre les adresses IP et utilise des cookies et des technologies similaires qui permettent la reconnaissance et nous fournissent des informations sur la m\u00e9thode d'acc\u00e8s \u00e0 notre Plateforme. Gr\u00e2ce \u00e0 ces informations, nous pouvons personnaliser et am\u00e9liorer l'exp\u00e9rience sur notre Plateforme.<br \/>Vous trouverez ci-dessous de plus amples informations sur la mani\u00e8re dont nous utilisons les cookies et les technologies similaires.<\/p>\n<p>\u00a0<\/p>\n<h1>QU'EST-CE QU'UN COOKIE?<\/h1>\n<p>Les cookies sont de petits fragments de texte, g\u00e9n\u00e9ralement compos\u00e9s de lettres et\/ou de chiffres, qui sont envoy\u00e9s par le site web visit\u00e9 et stock\u00e9s par le logiciel (par exemple un navigateur web) install\u00e9 sur l'appareil utilis\u00e9 par l'utilisateur pour naviguer. Les cookies sont ensuite retransmis au site web susmentionn\u00e9 lors de la prochaine visite de l'utilisateur.<br \/>Les cookies permettent de stocker des informations sur les visites d'un utilisateur sur un site web et constituent une technologie tr\u00e8s utile, car ils permettent par exemple aux sites web de fonctionner, ce qui les rend plus efficaces, et fournissent des informations utiles aux op\u00e9rateurs de sites web. Sans les cookies, ou d'autres technologies similaires, les sites web n'auraient aucun moyen de \"m\u00e9moriser\" des informations sur les visiteurs, telles que le nombre d'articles que l'utilisateur a plac\u00e9s dans son panier d'achat ou s'il s'est connect\u00e9 ou non.<br \/>Les cookies peuvent \u00eatre class\u00e9s par cat\u00e9gories:<br \/>- dur\u00e9e : cookies de session ou persistants ;<br \/>- provenance : cookies de premi\u00e8re ou de tierce partie;<br \/>- \u00e0 des fins techniques, analytiques ou de profilage.<br \/>Les cookies qui expirent \u00e0 la fin d'une session de navigation (normalement lorsque l'utilisateur ferme son navigateur) sont appel\u00e9s cookies de session et sont utiles, par exemple, pour stocker le bon de commande d'un utilisateur ou \u00e0 des fins de s\u00e9curit\u00e9, notamment lors de l'acc\u00e8s \u00e0 son compte bancaire en ligne ou \u00e0 son compte de courrier \u00e9lectronique. En revanche, les cookies qui sont stock\u00e9s pendant une p\u00e9riode plus longue (entre les sessions) sont appel\u00e9s cookies persistants et sont utiles, par exemple, pour se souvenir des pr\u00e9f\u00e9rences de l'utilisateur ou pour diffuser de la publicit\u00e9 cibl\u00e9e.<br \/>La d\u00e9finition de premi\u00e8re partie ou de tierce partie fait r\u00e9f\u00e9rence au site web ou au domaine qui installe le cookie. Les cookies de premi\u00e8re partie sont install\u00e9s directement par le site web que l'utilisateur visite, tandis que les cookies de tierce partie sont install\u00e9s par un domaine autre que celui que l'utilisateur visite, par exemple lorsque le site web incorpore des \u00e9l\u00e9ments provenant d'autres sites, tels que des images, des plugins de m\u00e9dias sociaux ou des publicit\u00e9s.<br \/>Il convient de pr\u00e9ciser que les finalit\u00e9s habituellement remplies par un cookie peuvent \u00e9galement l'\u00eatre par d'autres technologies assimil\u00e9es, y compris l'utilisation de certaines caract\u00e9ristiques d'identification de l'appareil afin d'analyser les visites sur un site web. Ces informations s'appliquent en fait \u00e0 toute technologie qui stocke ou acc\u00e8de \u00e0 des informations sur l'appareil de l'utilisateur. Il peut s'agir, par exemple, du stockage local HTML5, des objets locaux partag\u00e9s (\u00e9galement appel\u00e9s cookies flash) et des techniques d'empreintes digitales. En particulier, l'empreinte digitale d'un appareil est une technique qui consiste \u00e0 combiner un ensemble d'informations afin d'identifier des donn\u00e9es d\u00e9riv\u00e9es de la configuration d'un appareil;<br \/>- les donn\u00e9es d\u00e9duites de l'utilisation de protocoles de r\u00e9seau particuliers;<br \/>- JavaScript;<br \/>- Informations d'en-t\u00eate HTTP, informations sur l'horloge;<br \/>- polices install\u00e9es;<br \/>- les plugins install\u00e9s dans le navigateur.<br \/>Il est \u00e9galement possible de combiner ces \u00e9l\u00e9ments avec des informations suppl\u00e9mentaires, telles que des adresses IP ou des identifiants uniques, etc.<br \/>Dor\u00e9navant, lorsqu'il sera fait r\u00e9f\u00e9rence aux cookies, cette d\u00e9finition inclura \u00e9galement les autres technologies assimil\u00e9es.<\/p>\n<p>\u00a0<\/p>\n<h1>QUELLES SONT LES FINALITES DES COOKIES UTILISES PAR CE SITE?<\/h1>\n<p>En fonction de leur finalit\u00e9, les cookies install\u00e9s sur ce site sont divis\u00e9s en cookies techniques, cookies analytiques et cookies de profilage.<br \/>Les cookies techniques sont n\u00e9cessaires au fonctionnement du site web car ils permettent des fonctions qui facilitent la navigation de l'utilisateur, par exemple, l'utilisateur pourra acc\u00e9der \u00e0 son profil sans avoir \u00e0 se connecter \u00e0 chaque fois, ou pourra s\u00e9lectionner la langue qu'il souhaite utiliser pour naviguer sur le site sans avoir \u00e0 la param\u00e9trer \u00e0 chaque fois.<br \/>Les cookies techniques sont consid\u00e9r\u00e9s comme strictement n\u00e9cessaires, car le stockage des informations est essentiel pour fournir un service demand\u00e9 par l'utilisateur. Par cons\u00e9quent, les cookies techniques ne peuvent pas \u00eatre d\u00e9sactiv\u00e9s et le consentement pr\u00e9alable des utilisateurs n'est pas requis pour leur installation (conform\u00e9ment \u00e0 l'article 122 du Code de la protection de la vie priv\u00e9e).<br \/>Les cookies analytiques, qui peuvent \u00eatre de premi\u00e8re ou de tierce partie, sont install\u00e9s pour collecter des informations sur l'utilisation du site web. Ils sont notamment utiles pour analyser statistiquement les acc\u00e8s ou les visites sur le site lui-m\u00eame et pour permettre au propri\u00e9taire d'en am\u00e9liorer la structure, la logique de navigation et les contenus. Les informations collect\u00e9es (y compris l'adresse IP, qui est masqu\u00e9e) sont utilis\u00e9es \u00e0 des fins d'analyse statistique afin d'am\u00e9liorer l'utilisation du site et, \u00e9ventuellement, de rendre le contenu plus int\u00e9ressant et plus adapt\u00e9 aux souhaits de l'utilisateur.<br \/>Les cookies analytiques ne sont pas n\u00e9cessaires au fonctionnement du site web, mais comme l'adresse IP n'est pas en texte clair, l'installation de ces cookies ne n\u00e9cessite pas le consentement de l'utilisateur.<br \/>Les cookies de profilage, qui peuvent \u00eatre de premi\u00e8re ou de tierce partie, sont utilis\u00e9s pour suivre la navigation de l'utilisateur, analyser son comportement \u00e0 des fins de marketing et cr\u00e9er des profils de ses go\u00fbts, de ses habitudes, de ses choix, etc. Cela permet, par exemple, d'envoyer des messages publicitaires cibl\u00e9s en fonction des int\u00e9r\u00eats de l'utilisateur et des pr\u00e9f\u00e9rences qu'il a exprim\u00e9es lors de sa navigation en ligne. Ces cookies comprennent \u00e9galement des cookies sociaux.<br \/>Ces cookies ne peuvent \u00eatre install\u00e9s sur le terminal de l'utilisateur que si ce dernier a donn\u00e9 son consentement.<\/p>\n<p>\u00a0<\/p>\n<h1>COMMENT G\u00c9RER LES PR\u00c9F\u00c9RENCES EN MATI\u00c8RE DE COOKIES?<\/h1>\n<p>Lorsque vous acc\u00e9dez pour la premi\u00e8re fois \u00e0 une page du site, vous voyez une banni\u00e8re contenant une br\u00e8ve notice d'information et le panneau\/bouton de gestion des pr\u00e9f\u00e9rences en mati\u00e8re de cookies qui vous permet d'accepter tous les cookies.<br \/>L'utilisateur a la possibilit\u00e9 de s\u00e9lectionner\/d\u00e9s\u00e9lectionner les diff\u00e9rentes cat\u00e9gories de cookies. Le consentement \u00e0 l'utilisation de cookies est enregistr\u00e9 au moyen d'un \"cookie technique\" sp\u00e9cial.<\/p>\n<p>\u00a0<\/p>\n<h1>COOKIE CENTER<\/h1>\n<p>Toutefois, les utilisateurs peuvent \u00e9galement exprimer leurs pr\u00e9f\u00e9rences en mati\u00e8re de cookies par le biais des param\u00e8tres du navigateur utilis\u00e9. Par d\u00e9faut, presque tous les navigateurs web sont configur\u00e9s pour accepter automatiquement les cookies, mais les utilisateurs peuvent modifier la configuration par d\u00e9faut gr\u00e2ce aux param\u00e8tres du navigateur utilis\u00e9, qui leur permettent de supprimer tout ou partie des cookies ou de bloquer l'envoi de cookies ou de les limiter \u00e0 certains sites.<br \/>La d\u00e9sactivation \/ le blocage des cookies ou leur suppression peut affecter l'utilisation optimale de certaines zones du site ou emp\u00eacher certaines fonctionnalit\u00e9s, ainsi qu'affecter le fonctionnement de services de tiers.<br \/>La configuration de la gestion des cookies d\u00e9pend du navigateur utilis\u00e9. Vous trouverez ci-dessous des instructions et des liens vers des guides de gestion des cookies pour les principaux navigateurs de bureau:<br \/>- Microsoft Edge : cliquez sur l'ic\u00f4ne repr\u00e9sentant trois points dans le coin sup\u00e9rieur droit, puis sur \"Param\u00e8tres\". Dans le menu de gauche, s\u00e9lectionnez \"Cookies et autorisations de site\" et r\u00e9glez vos param\u00e8tres de cookies. Voici le lien pour plus d'informations : https : \/\/support.microsoft.com\/en\/help\/4027947\/microsoft-edge-delete-cookies ;<br \/>- Google Chrome : cliquez sur l'ic\u00f4ne avec les trois points dans le coin sup\u00e9rieur droit, puis sur \"Param\u00e8tres\". S\u00e9lectionnez \"Avanc\u00e9\" et, sous \"Confidentialit\u00e9 et s\u00e9curit\u00e9\", cliquez sur \"Param\u00e8tres du site\". Ajustez ensuite les param\u00e8tres des cookies en s\u00e9lectionnant \"Cookies et donn\u00e9es du site\". Voici le lien pour plus d'informations : https:\/\/support.google.com\/chrome\/answer\/95647?hl=it&amp;p=cpn_cookieshttps:\/\/support.google.com\/accounts\/answer\/61416?hl=it ;<br \/>- Mozilla Firefox : cliquez sur l'ic\u00f4ne avec les trois barres horizontales dans le coin sup\u00e9rieur droit et s\u00e9lectionnez \"Options\". Dans la fen\u00eatre, s\u00e9lectionnez \"Confidentialit\u00e9 et s\u00e9curit\u00e9\" pour ajuster vos param\u00e8tres de cookies. Voici le lien pour plus d'informations : https:\/\/support.mozilla.org\/it\/kb\/Attivareedisattivareicookie ;<br \/>- Apple Safari : s\u00e9lectionnez \"Pr\u00e9f\u00e9rences\", puis \"Vie priv\u00e9e\", o\u00f9 vous pouvez ajuster vos param\u00e8tres de cookies. Voici le lien pour plus d'informations : https:\/\/support.apple.com\/it-it\/guide\/safari\/sfri11471\/mac;<br \/>- Opera : s\u00e9lectionnez l'ic\u00f4ne avec les trois barres horizontales en haut \u00e0 droite, puis \"Avanc\u00e9\". S\u00e9lectionnez \"Confidentialit\u00e9 et s\u00e9curit\u00e9\", puis \"Param\u00e8tres du site\". Sous \"Cookies et donn\u00e9es du site\", r\u00e9glez vos param\u00e8tres de cookies. Vous trouverez ci-dessous le lien pour plus d'informations : https:\/\/help.opera.com\/en\/latest\/web-preferences\/#cookies. Pour les navigateurs autres que ceux \u00e9num\u00e9r\u00e9s ci-dessus, vous devez consulter le guide correspondant pour savoir comment g\u00e9rer les cookies.<\/p>\t\t\t\t\t\t<\/div>\n\t\t\t\t<\/div>\n\t\t\t\t\t<\/div>\n\t\t<\/div>\n\t\t\t\t\t\t\t<\/div>\n\t\t<\/section>\n\t\t\t\t\t\t\t<\/div>","protected":false},"excerpt":{"rendered":"<p>COOKIE POLICY Come avviene su tutte le piattaforme, D.M. SEMILAVORATI srl registra gli indirizzi IP e utilizza cookie e tecnologie simili che permettono il riconoscimento e che ci forniscono informazioni relative alla metodologia di accesso alla nostra Piattaforma. Grazie a queste informazioni possiamo personalizzare e migliorare l\u2019esperienza sulla nostra piattaforma.Qui di seguito vi sono maggiori [&hellip;]<\/p>","protected":false},"author":1,"featured_media":0,"parent":0,"menu_order":0,"comment_status":"closed","ping_status":"open","template":"","meta":{"footnotes":""},"class_list":["post-13665","page","type-page","status-publish","hentry"],"_links":{"self":[{"href":"https:\/\/web-dms.x-tra.it\/fr\/wp-json\/wp\/v2\/pages\/13665","targetHints":{"allow":["GET"]}}],"collection":[{"href":"https:\/\/web-dms.x-tra.it\/fr\/wp-json\/wp\/v2\/pages"}],"about":[{"href":"https:\/\/web-dms.x-tra.it\/fr\/wp-json\/wp\/v2\/types\/page"}],"author":[{"embeddable":true,"href":"https:\/\/web-dms.x-tra.it\/fr\/wp-json\/wp\/v2\/users\/1"}],"replies":[{"embeddable":true,"href":"https:\/\/web-dms.x-tra.it\/fr\/wp-json\/wp\/v2\/comments?post=13665"}],"version-history":[{"count":37,"href":"https:\/\/web-dms.x-tra.it\/fr\/wp-json\/wp\/v2\/pages\/13665\/revisions"}],"predecessor-version":[{"id":13995,"href":"https:\/\/web-dms.x-tra.it\/fr\/wp-json\/wp\/v2\/pages\/13665\/revisions\/13995"}],"wp:attachment":[{"href":"https:\/\/web-dms.x-tra.it\/fr\/wp-json\/wp\/v2\/media?parent=13665"}],"curies":[{"name":"wp","href":"https:\/\/api.w.org\/{rel}","templated":true}]}}